{"id":59,"date":"2017-11-09T15:25:31","date_gmt":"2017-11-09T15:25:31","guid":{"rendered":"http:\/\/alikoivunen.net\/?page_id=59"},"modified":"2019-02-21T13:40:46","modified_gmt":"2019-02-21T13:40:46","slug":"valokuvaus","status":"publish","type":"page","link":"https:\/\/www.alikoivunen.net\/?page_id=59","title":{"rendered":"Valokuvaus"},"content":{"rendered":"<h3><strong>Lehti- ja mainosvalokuvaaja vuodesta 1982.<\/strong><\/h3>\n<ul>\n<li>Valokuvaamo Tuusulassa 1982-1986. Muotokuvia, h\u00e4\u00e4- ja hautajaiskuvauksia, ylioppilas-, rippi- ja p\u00e4iv\u00e4kotikuvauksia sek\u00e4 tuotekuvauksia erikoisalana korut.<\/li>\n<li>Mainoskuvastudio Helsingiss\u00e4 1986-2004. Mainoskuva-asiakkaina vuosien varrella mm. Anttilan tuoteluettelot, Caratia-koruesitteet, Apple, HP, Sharp&#8230;<br \/>\nKymmeni\u00e4 kotimaisia ja monikansallisia yrityksi\u00e4 ja tuotemerkkej\u00e4.<\/li>\n<li>Lehtikuvauksia: harraste-, j\u00e4rjest\u00f6- ja aikakauslehdille sek\u00e4 kirjakuvituksia tieto- ja kuvakirjoihin.<\/li>\n<li>Valokuvauksen opettajana 80- ja 90-luvuilla, aiheena studiokuvaus: henkil\u00f6- ja tuotekuvat. Koulutukset toteutettiin eri mittaisina studiokuvauskursseina, jotka sis\u00e4ltyiv\u00e4t opiskelijoiden 1-3 vuoden mittaisiin valokuvausopintoihin.<\/li>\n<\/ul>\n<p>&nbsp;<\/p>\n<p style=\"text-align: center;\"><img loading=\"lazy\" decoding=\"async\" class=\"aligncenter wp-image-206 size-large\" src=\"https:\/\/www.alikoivunen.net\/wp-content\/uploads\/2019\/02\/kansi-2048x1365.jpg\" alt=\"\" width=\"1140\" height=\"760\" srcset=\"https:\/\/www.alikoivunen.net\/wp-content\/uploads\/2019\/02\/kansi.jpg 2048w, https:\/\/www.alikoivunen.net\/wp-content\/uploads\/2019\/02\/kansi-150x100.jpg 150w, https:\/\/www.alikoivunen.net\/wp-content\/uploads\/2019\/02\/kansi-300x200.jpg 300w, https:\/\/www.alikoivunen.net\/wp-content\/uploads\/2019\/02\/kansi-768x512.jpg 768w\" sizes=\"auto, (max-width: 1140px) 100vw, 1140px\" \/>Kirjan kuvitusta kustantaja Docendo.<\/p>\n<p style=\"text-align: center;\"><img loading=\"lazy\" decoding=\"async\" class=\"aligncenter wp-image-205 size-large\" src=\"https:\/\/www.alikoivunen.net\/wp-content\/uploads\/2019\/02\/iso-kauha-2048x1747.jpg\" alt=\"\" width=\"1140\" height=\"972\" srcset=\"https:\/\/www.alikoivunen.net\/wp-content\/uploads\/2019\/02\/iso-kauha.jpg 2048w, https:\/\/www.alikoivunen.net\/wp-content\/uploads\/2019\/02\/iso-kauha-150x128.jpg 150w, https:\/\/www.alikoivunen.net\/wp-content\/uploads\/2019\/02\/iso-kauha-300x256.jpg 300w, https:\/\/www.alikoivunen.net\/wp-content\/uploads\/2019\/02\/iso-kauha-768x655.jpg 768w\" sizes=\"auto, (max-width: 1140px) 100vw, 1140px\" \/>Artikkelikuva Iltalehti<\/p>\n<p style=\"text-align: center;\"><img loading=\"lazy\" decoding=\"async\" class=\"aligncenter wp-image-204 size-large\" src=\"https:\/\/www.alikoivunen.net\/wp-content\/uploads\/2019\/02\/DSCN0287-1-2048x1633.jpg\" alt=\"\" width=\"1140\" height=\"909\" srcset=\"https:\/\/www.alikoivunen.net\/wp-content\/uploads\/2019\/02\/DSCN0287-1.jpg 2048w, https:\/\/www.alikoivunen.net\/wp-content\/uploads\/2019\/02\/DSCN0287-1-150x120.jpg 150w, https:\/\/www.alikoivunen.net\/wp-content\/uploads\/2019\/02\/DSCN0287-1-300x239.jpg 300w, https:\/\/www.alikoivunen.net\/wp-content\/uploads\/2019\/02\/DSCN0287-1-768x612.jpg 768w\" sizes=\"auto, (max-width: 1140px) 100vw, 1140px\" \/>Kirjan kuvitusta kustantaja Docendo.<\/p>\n<p style=\"text-align: center;\"><img loading=\"lazy\" decoding=\"async\" class=\"aligncenter wp-image-125 size-large\" src=\"https:\/\/www.alikoivunen.net\/wp-content\/uploads\/2018\/01\/M150016-1-1024x768.jpg\" alt=\"\" width=\"1024\" height=\"768\" srcset=\"https:\/\/www.alikoivunen.net\/wp-content\/uploads\/2018\/01\/M150016-1-1024x768.jpg 1024w, https:\/\/www.alikoivunen.net\/wp-content\/uploads\/2018\/01\/M150016-1-300x225.jpg 300w, https:\/\/www.alikoivunen.net\/wp-content\/uploads\/2018\/01\/M150016-1-768x576.jpg 768w, https:\/\/www.alikoivunen.net\/wp-content\/uploads\/2018\/01\/M150016-1.jpg 2026w\" sizes=\"auto, (max-width: 1024px) 100vw, 1024px\" \/>Myym\u00e4l\u00e4kuva Elisa Helsinki<\/p>\n<p style=\"text-align: center;\"><img loading=\"lazy\" decoding=\"async\" class=\"wp-image-247 size-large aligncenter\" src=\"https:\/\/www.alikoivunen.net\/wp-content\/uploads\/2019\/02\/muoto-1357x2048.jpg\" alt=\"\" width=\"1140\" height=\"1721\" srcset=\"https:\/\/www.alikoivunen.net\/wp-content\/uploads\/2019\/02\/muoto.jpg 1357w, https:\/\/www.alikoivunen.net\/wp-content\/uploads\/2019\/02\/muoto-99x150.jpg 99w, https:\/\/www.alikoivunen.net\/wp-content\/uploads\/2019\/02\/muoto-199x300.jpg 199w, https:\/\/www.alikoivunen.net\/wp-content\/uploads\/2019\/02\/muoto-768x1159.jpg 768w\" sizes=\"auto, (max-width: 1140px) 100vw, 1140px\" \/>\u00a0\u00a0 Vaalimainoskuva Kunnallisvaalit 2017<\/p>\n<p style=\"text-align: center;\"><img loading=\"lazy\" decoding=\"async\" class=\"aligncenter wp-image-203 size-large\" src=\"https:\/\/www.alikoivunen.net\/wp-content\/uploads\/2019\/02\/2844-1327x2048.jpg\" alt=\"\" width=\"1140\" height=\"1759\" srcset=\"https:\/\/www.alikoivunen.net\/wp-content\/uploads\/2019\/02\/2844.jpg 1327w, https:\/\/www.alikoivunen.net\/wp-content\/uploads\/2019\/02\/2844-97x150.jpg 97w, https:\/\/www.alikoivunen.net\/wp-content\/uploads\/2019\/02\/2844-194x300.jpg 194w, https:\/\/www.alikoivunen.net\/wp-content\/uploads\/2019\/02\/2844-768x1185.jpg 768w\" sizes=\"auto, (max-width: 1140px) 100vw, 1140px\" \/>Matkailumainoskuva Loviisan matkailutoimisto<\/p>\n<p style=\"text-align: center;\"><img loading=\"lazy\" decoding=\"async\" class=\"aligncenter wp-image-207 size-large\" src=\"https:\/\/www.alikoivunen.net\/wp-content\/uploads\/2019\/02\/viivi-1309x2048.jpg\" alt=\"\" width=\"1140\" height=\"1784\" srcset=\"https:\/\/www.alikoivunen.net\/wp-content\/uploads\/2019\/02\/viivi.jpg 1309w, https:\/\/www.alikoivunen.net\/wp-content\/uploads\/2019\/02\/viivi-96x150.jpg 96w, https:\/\/www.alikoivunen.net\/wp-content\/uploads\/2019\/02\/viivi-192x300.jpg 192w, https:\/\/www.alikoivunen.net\/wp-content\/uploads\/2019\/02\/viivi-768x1202.jpg 768w\" sizes=\"auto, (max-width: 1140px) 100vw, 1140px\" \/>Artikkelikuva Iltalehti<\/p>\n<p style=\"text-align: center;\"><img loading=\"lazy\" decoding=\"async\" class=\"aligncenter wp-image-126 size-large\" src=\"https:\/\/www.alikoivunen.net\/wp-content\/uploads\/2018\/01\/M541557-1024x685.jpg\" alt=\"\" width=\"1024\" height=\"685\" srcset=\"https:\/\/www.alikoivunen.net\/wp-content\/uploads\/2018\/01\/M541557-1024x685.jpg 1024w, https:\/\/www.alikoivunen.net\/wp-content\/uploads\/2018\/01\/M541557-300x201.jpg 300w, https:\/\/www.alikoivunen.net\/wp-content\/uploads\/2018\/01\/M541557-768x514.jpg 768w\" sizes=\"auto, (max-width: 1024px) 100vw, 1024px\" \/>Tuotekuva<\/p>\n<p style=\"text-align: center;\"><img loading=\"lazy\" decoding=\"async\" class=\"wp-image-202 size-large aligncenter\" src=\"https:\/\/www.alikoivunen.net\/wp-content\/uploads\/2019\/02\/MG_1370-b-2048x1365.jpg\" alt=\"\" width=\"1140\" height=\"760\" srcset=\"https:\/\/www.alikoivunen.net\/wp-content\/uploads\/2019\/02\/MG_1370-b.jpg 2048w, https:\/\/www.alikoivunen.net\/wp-content\/uploads\/2019\/02\/MG_1370-b-150x100.jpg 150w, https:\/\/www.alikoivunen.net\/wp-content\/uploads\/2019\/02\/MG_1370-b-300x200.jpg 300w, https:\/\/www.alikoivunen.net\/wp-content\/uploads\/2019\/02\/MG_1370-b-768x512.jpg 768w\" sizes=\"auto, (max-width: 1140px) 100vw, 1140px\" \/>Kirjan kuvitusta kustantaja Docendo.<\/p>\n","protected":false},"excerpt":{"rendered":"<p>Lehti- ja mainosvalokuvaaja vuodesta 1982. Valokuvaamo Tuusulassa 1982-1986. Muotokuvia, h\u00e4\u00e4- ja hautajaiskuvauksia, ylioppilas-, rippi- ja p\u00e4iv\u00e4kotikuvauksia sek\u00e4 tuotekuvauksia erikoisalana korut. Mainoskuvastudio Helsingiss\u00e4 1986-2004. Mainoskuva-asiakkaina vuosien varrella mm. Anttilan tuoteluettelot, Caratia-koruesitteet, Apple, HP, Sharp&#8230; Kymmeni\u00e4 kotimaisia ja monikansallisia yrityksi\u00e4 ja tuotemerkkej\u00e4. Lehtikuvauksia: harraste-, j\u00e4rjest\u00f6- ja aikakauslehdille sek\u00e4 kirjakuvituksia tieto- ja kuvakirjoihin. Valokuvauksen opettajana 80- ja 90-luvuilla, [&hellip;]<\/p>\n","protected":false},"author":2,"featured_media":153,"parent":0,"menu_order":0,"comment_status":"closed","ping_status":"closed","template":"","meta":{"footnotes":""},"class_list":["post-59","page","type-page","status-publish","has-post-thumbnail","czr-hentry"],"_links":{"self":[{"href":"https:\/\/www.alikoivunen.net\/index.php?rest_route=\/wp\/v2\/pages\/59","targetHints":{"allow":["GET"]}}],"collection":[{"href":"https:\/\/www.alikoivunen.net\/index.php?rest_route=\/wp\/v2\/pages"}],"about":[{"href":"https:\/\/www.alikoivunen.net\/index.php?rest_route=\/wp\/v2\/types\/page"}],"author":[{"embeddable":true,"href":"https:\/\/www.alikoivunen.net\/index.php?rest_route=\/wp\/v2\/users\/2"}],"replies":[{"embeddable":true,"href":"https:\/\/www.alikoivunen.net\/index.php?rest_route=%2Fwp%2Fv2%2Fcomments&post=59"}],"version-history":[{"count":35,"href":"https:\/\/www.alikoivunen.net\/index.php?rest_route=\/wp\/v2\/pages\/59\/revisions"}],"predecessor-version":[{"id":214,"href":"https:\/\/www.alikoivunen.net\/index.php?rest_route=\/wp\/v2\/pages\/59\/revisions\/214"}],"wp:featuredmedia":[{"embeddable":true,"href":"https:\/\/www.alikoivunen.net\/index.php?rest_route=\/wp\/v2\/media\/153"}],"wp:attachment":[{"href":"https:\/\/www.alikoivunen.net\/index.php?rest_route=%2Fwp%2Fv2%2Fmedia&parent=59"}],"curies":[{"name":"wp","href":"https:\/\/api.w.org\/{rel}","templated":true}]}}