{"id":61,"date":"2017-11-09T15:25:15","date_gmt":"2017-11-09T15:25:15","guid":{"rendered":"http:\/\/alikoivunen.net\/?page_id=61"},"modified":"2019-12-30T01:04:36","modified_gmt":"2019-12-30T01:04:36","slug":"taittotyot","status":"publish","type":"page","link":"https:\/\/www.alikoivunen.net\/?page_id=61","title":{"rendered":"Graafinen suunnittelu ja taittoty\u00f6t"},"content":{"rendered":"<p><strong><img loading=\"lazy\" decoding=\"async\" class=\"size-full wp-image-142 alignright\" src=\"http:\/\/alikoivunen.net\/wp-content\/uploads\/2018\/01\/gormin.jpg\" alt=\"\" width=\"553\" height=\"391\" srcset=\"https:\/\/www.alikoivunen.net\/wp-content\/uploads\/2018\/01\/gormin.jpg 553w, https:\/\/www.alikoivunen.net\/wp-content\/uploads\/2018\/01\/gormin-300x212.jpg 300w\" sizes=\"auto, (max-width: 553px) 100vw, 553px\" \/><br \/>\nGraafinen suunnittelu ja taittoty\u00f6t:<\/strong><br \/>\nesitteit\u00e4, tuoteluetteloita, kirjoja ja lehti\u00e4.<\/p>\n<p>Asiakkaita vuosien varrelta:<\/p>\n<ul>\n<li>LeoLonglife Oy: tuoteluetteloita, lehti-ilmoituksia<\/li>\n<li>Suomen Hifitalo Oy: tuoteluetteloita ja lehti-ilmoituksia<\/li>\n<li>Caratia: esitteit\u00e4, kuvastoja<\/li>\n<li>Ibero Oy: luettelokuvauksia<\/li>\n<li>Oy Perkko Ab: Sharp-esitteit\u00e4<\/li>\n<li>Apple Finland: Macintosh lehti-ilmoituksia ja ulkojulisteita<\/li>\n<li>Kesko: mainontaa ja kuvauksia<\/li>\n<li>Tuko: mainontaa ja kuvauksia<\/li>\n<li>Orion: asiakaslehti\u00e4 ja kuvauksia<\/li>\n<li>Instrumentarium: mainontaa ja kuvauksia<\/li>\n<li>SGN Nieminen Oy: tuote-esitteit\u00e4<\/li>\n<li>Useita aikakaus-, j\u00e4rjest\u00f6- ja harrastelehti\u00e4<\/li>\n<\/ul>\n","protected":false},"excerpt":{"rendered":"<p>Graafinen suunnittelu ja taittoty\u00f6t: esitteit\u00e4, tuoteluetteloita, kirjoja ja lehti\u00e4. Asiakkaita vuosien varrelta: LeoLonglife Oy: tuoteluetteloita, lehti-ilmoituksia Suomen Hifitalo Oy: tuoteluetteloita ja lehti-ilmoituksia Caratia: esitteit\u00e4, kuvastoja Ibero Oy: luettelokuvauksia Oy Perkko Ab: Sharp-esitteit\u00e4 Apple Finland: Macintosh lehti-ilmoituksia ja ulkojulisteita Kesko: mainontaa ja kuvauksia Tuko: mainontaa ja kuvauksia Orion: asiakaslehti\u00e4 ja kuvauksia Instrumentarium: mainontaa ja kuvauksia SGN [&hellip;]<\/p>\n","protected":false},"author":2,"featured_media":0,"parent":0,"menu_order":0,"comment_status":"closed","ping_status":"closed","template":"","meta":{"footnotes":""},"class_list":["post-61","page","type-page","status-publish","czr-hentry"],"_links":{"self":[{"href":"https:\/\/www.alikoivunen.net\/index.php?rest_route=\/wp\/v2\/pages\/61","targetHints":{"allow":["GET"]}}],"collection":[{"href":"https:\/\/www.alikoivunen.net\/index.php?rest_route=\/wp\/v2\/pages"}],"about":[{"href":"https:\/\/www.alikoivunen.net\/index.php?rest_route=\/wp\/v2\/types\/page"}],"author":[{"embeddable":true,"href":"https:\/\/www.alikoivunen.net\/index.php?rest_route=\/wp\/v2\/users\/2"}],"replies":[{"embeddable":true,"href":"https:\/\/www.alikoivunen.net\/index.php?rest_route=%2Fwp%2Fv2%2Fcomments&post=61"}],"version-history":[{"count":18,"href":"https:\/\/www.alikoivunen.net\/index.php?rest_route=\/wp\/v2\/pages\/61\/revisions"}],"predecessor-version":[{"id":378,"href":"https:\/\/www.alikoivunen.net\/index.php?rest_route=\/wp\/v2\/pages\/61\/revisions\/378"}],"wp:attachment":[{"href":"https:\/\/www.alikoivunen.net\/index.php?rest_route=%2Fwp%2Fv2%2Fmedia&parent=61"}],"curies":[{"name":"wp","href":"https:\/\/api.w.org\/{rel}","templated":true}]}}