{"id":99,"date":"2018-01-10T10:53:41","date_gmt":"2018-01-10T10:53:41","guid":{"rendered":"http:\/\/alikoivunen.net\/?page_id=99"},"modified":"2023-05-03T05:03:18","modified_gmt":"2023-05-03T05:03:18","slug":"yhteystiedot","status":"publish","type":"page","link":"https:\/\/www.alikoivunen.net\/?page_id=99","title":{"rendered":"Yhteystiedot"},"content":{"rendered":"<p><img loading=\"lazy\" decoding=\"async\" class=\"alignnone wp-image-381 size-full\" src=\"https:\/\/www.alikoivunen.net\/wp-content\/uploads\/2019\/12\/20190628-_DSC6892.jpg\" alt=\"\" width=\"2048\" height=\"1773\" srcset=\"https:\/\/www.alikoivunen.net\/wp-content\/uploads\/2019\/12\/20190628-_DSC6892.jpg 2048w, https:\/\/www.alikoivunen.net\/wp-content\/uploads\/2019\/12\/20190628-_DSC6892-300x260.jpg 300w, https:\/\/www.alikoivunen.net\/wp-content\/uploads\/2019\/12\/20190628-_DSC6892-150x130.jpg 150w, https:\/\/www.alikoivunen.net\/wp-content\/uploads\/2019\/12\/20190628-_DSC6892-768x665.jpg 768w, https:\/\/www.alikoivunen.net\/wp-content\/uploads\/2019\/12\/20190628-_DSC6892-1536x1330.jpg 1536w\" sizes=\"auto, (max-width: 2048px) 100vw, 2048px\" \/><br \/>\nAli Koivunen<br \/>\nPuhelin: +358 43 200 2595<br \/>\nS\u00e4hk\u00f6posti: ali(at)iki.fi<\/p>\n<p>J\u00e4rjest\u00f6- ja yhdistystoiminta:<br \/>\nMediakunta \/ Suomen Journalistiliitto<br \/>\nwww.journalistiliitto.fi<\/p>\n<p>&nbsp;<\/p>\n<div id='gallery-1' class='czr-gallery row flex-row czr-gallery-style gallery galleryid-99 gallery-columns-3 gallery-size-medium'><figure class='gallery-item col col-auto'>\r\n                        <div class='gallery-icon landscape czr-gallery-icon'>\r\n                              <a href=https:\/\/www.alikoivunen.net\/?attachment_id=258 class=\"bg-link\"><\/a><img loading=\"lazy\" decoding=\"async\" width=\"300\" height=\"201\" src=\"https:\/\/www.alikoivunen.net\/wp-content\/uploads\/2019\/02\/DSC2303-300x201.jpg\" class=\"attachment-medium size-medium no-lazy\" alt=\"\" sizes=\"auto, (min-width: 1200px) 255px, (min-width: 992px) 210px, (min-width: 576px) 150px, calc( 50vw - 30px )\" aria-describedby=\"gallery-1-258\" srcset=\"https:\/\/www.alikoivunen.net\/wp-content\/uploads\/2019\/02\/DSC2303-300x201.jpg 300w, https:\/\/www.alikoivunen.net\/wp-content\/uploads\/2019\/02\/DSC2303-150x100.jpg 150w, https:\/\/www.alikoivunen.net\/wp-content\/uploads\/2019\/02\/DSC2303-768x514.jpg 768w, https:\/\/www.alikoivunen.net\/wp-content\/uploads\/2019\/02\/DSC2303.jpg 2048w\" \/><div class=\"post-action btn btn-skin-dark-shaded inverted\"><a href=\"https:\/\/www.alikoivunen.net\/wp-content\/uploads\/2019\/02\/DSC2303.jpg\" class=\"icn-expand\" data-lb-type=\"grouped-gallery\" title=\"Kartano, Etel\u00e4-Eesti\"><\/a><\/div>\r\n                        <\/div>\r\n                              <figcaption class='wp-caption-text gallery-caption' id='gallery-1-258'>\r\n                              Kartano, Etel\u00e4-Eesti\r\n                              <\/figcaption><\/figure><figure class='gallery-item col col-auto'>\r\n                        <div class='gallery-icon landscape czr-gallery-icon'>\r\n                              <a href=https:\/\/www.alikoivunen.net\/?attachment_id=259 class=\"bg-link\"><\/a><img loading=\"lazy\" decoding=\"async\" width=\"300\" height=\"225\" src=\"https:\/\/www.alikoivunen.net\/wp-content\/uploads\/2019\/02\/M110392-300x225.jpg\" class=\"attachment-medium size-medium no-lazy\" alt=\"\" sizes=\"auto, (min-width: 1200px) 255px, (min-width: 992px) 210px, (min-width: 576px) 150px, calc( 50vw - 30px )\" aria-describedby=\"gallery-1-259\" srcset=\"https:\/\/www.alikoivunen.net\/wp-content\/uploads\/2019\/02\/M110392-300x225.jpg 300w, https:\/\/www.alikoivunen.net\/wp-content\/uploads\/2019\/02\/M110392-150x113.jpg 150w, https:\/\/www.alikoivunen.net\/wp-content\/uploads\/2019\/02\/M110392-768x576.jpg 768w, https:\/\/www.alikoivunen.net\/wp-content\/uploads\/2019\/02\/M110392.jpg 2048w\" \/><div class=\"post-action btn btn-skin-dark-shaded inverted\"><a href=\"https:\/\/www.alikoivunen.net\/wp-content\/uploads\/2019\/02\/M110392.jpg\" class=\"icn-expand\" data-lb-type=\"grouped-gallery\" title=\"H\u00e4\u00e4t, Pariisi\"><\/a><\/div>\r\n                        <\/div>\r\n                              <figcaption class='wp-caption-text gallery-caption' id='gallery-1-259'>\r\n                              H\u00e4\u00e4t, Pariisi\r\n                              <\/figcaption><\/figure><figure class='gallery-item col col-auto'>\r\n                        <div class='gallery-icon landscape czr-gallery-icon'>\r\n                              <a href=https:\/\/www.alikoivunen.net\/?attachment_id=261 class=\"bg-link\"><\/a><img loading=\"lazy\" decoding=\"async\" width=\"300\" height=\"225\" src=\"https:\/\/www.alikoivunen.net\/wp-content\/uploads\/2019\/02\/M580382-300x225.jpg\" class=\"attachment-medium size-medium no-lazy\" alt=\"\" sizes=\"auto, (min-width: 1200px) 255px, (min-width: 992px) 210px, (min-width: 576px) 150px, calc( 50vw - 30px )\" aria-describedby=\"gallery-1-261\" srcset=\"https:\/\/www.alikoivunen.net\/wp-content\/uploads\/2019\/02\/M580382-300x225.jpg 300w, https:\/\/www.alikoivunen.net\/wp-content\/uploads\/2019\/02\/M580382-150x113.jpg 150w, https:\/\/www.alikoivunen.net\/wp-content\/uploads\/2019\/02\/M580382-768x576.jpg 768w, https:\/\/www.alikoivunen.net\/wp-content\/uploads\/2019\/02\/M580382-2048x1536.jpg 2048w\" \/><div class=\"post-action btn btn-skin-dark-shaded inverted\"><a href=\"https:\/\/www.alikoivunen.net\/wp-content\/uploads\/2019\/02\/M580382.jpg\" class=\"icn-expand\" data-lb-type=\"grouped-gallery\" title=\"BMW R 1200 RT pienoismalli\"><\/a><\/div>\r\n                        <\/div>\r\n                              <figcaption class='wp-caption-text gallery-caption' id='gallery-1-261'>\r\n                              BMW R 1200 RT pienoismalli\r\n                              <\/figcaption><\/figure><figure class='gallery-item col col-auto'>\r\n                        <div class='gallery-icon landscape czr-gallery-icon'>\r\n                              <a href=https:\/\/www.alikoivunen.net\/?attachment_id=262 class=\"bg-link\"><\/a><img loading=\"lazy\" decoding=\"async\" width=\"300\" height=\"201\" src=\"https:\/\/www.alikoivunen.net\/wp-content\/uploads\/2019\/02\/DSC_5427-300x201.jpg\" class=\"attachment-medium size-medium no-lazy\" alt=\"\" sizes=\"auto, (min-width: 1200px) 255px, (min-width: 992px) 210px, (min-width: 576px) 150px, calc( 50vw - 30px )\" aria-describedby=\"gallery-1-262\" srcset=\"https:\/\/www.alikoivunen.net\/wp-content\/uploads\/2019\/02\/DSC_5427-300x201.jpg 300w, https:\/\/www.alikoivunen.net\/wp-content\/uploads\/2019\/02\/DSC_5427-150x100.jpg 150w, https:\/\/www.alikoivunen.net\/wp-content\/uploads\/2019\/02\/DSC_5427-768x514.jpg 768w, https:\/\/www.alikoivunen.net\/wp-content\/uploads\/2019\/02\/DSC_5427.jpg 2048w\" \/><div class=\"post-action btn btn-skin-dark-shaded inverted\"><a href=\"https:\/\/www.alikoivunen.net\/wp-content\/uploads\/2019\/02\/DSC_5427.jpg\" class=\"icn-expand\" data-lb-type=\"grouped-gallery\" title=\"Aurinkorannikko, Espanja\"><\/a><\/div>\r\n                        <\/div>\r\n                              <figcaption class='wp-caption-text gallery-caption' id='gallery-1-262'>\r\n                              Aurinkorannikko, Espanja\r\n                              <\/figcaption><\/figure><figure class='gallery-item col col-auto'>\r\n                        <div class='gallery-icon landscape czr-gallery-icon'>\r\n                              <a href=https:\/\/www.alikoivunen.net\/?attachment_id=263 class=\"bg-link\"><\/a><img loading=\"lazy\" decoding=\"async\" width=\"300\" height=\"201\" src=\"https:\/\/www.alikoivunen.net\/wp-content\/uploads\/2019\/02\/DSC_5482-300x201.jpg\" class=\"attachment-medium size-medium no-lazy\" alt=\"\" sizes=\"auto, (min-width: 1200px) 255px, (min-width: 992px) 210px, (min-width: 576px) 150px, calc( 50vw - 30px )\" aria-describedby=\"gallery-1-263\" srcset=\"https:\/\/www.alikoivunen.net\/wp-content\/uploads\/2019\/02\/DSC_5482-300x201.jpg 300w, https:\/\/www.alikoivunen.net\/wp-content\/uploads\/2019\/02\/DSC_5482-150x100.jpg 150w, https:\/\/www.alikoivunen.net\/wp-content\/uploads\/2019\/02\/DSC_5482-768x514.jpg 768w, https:\/\/www.alikoivunen.net\/wp-content\/uploads\/2019\/02\/DSC_5482.jpg 2048w\" \/><div class=\"post-action btn btn-skin-dark-shaded inverted\"><a href=\"https:\/\/www.alikoivunen.net\/wp-content\/uploads\/2019\/02\/DSC_5482.jpg\" class=\"icn-expand\" data-lb-type=\"grouped-gallery\" title=\"Granada, Espanja\"><\/a><\/div>\r\n                        <\/div>\r\n                              <figcaption class='wp-caption-text gallery-caption' id='gallery-1-263'>\r\n                              Granada, Espanja\r\n                              <\/figcaption><\/figure><figure class='gallery-item col col-auto'>\r\n                        <div class='gallery-icon landscape czr-gallery-icon'>\r\n                              <a href=https:\/\/www.alikoivunen.net\/?attachment_id=264 class=\"bg-link\"><\/a><img loading=\"lazy\" decoding=\"async\" width=\"300\" height=\"201\" src=\"https:\/\/www.alikoivunen.net\/wp-content\/uploads\/2019\/02\/DSC_6686-300x201.jpg\" class=\"attachment-medium size-medium no-lazy\" alt=\"\" sizes=\"auto, (min-width: 1200px) 255px, (min-width: 992px) 210px, (min-width: 576px) 150px, calc( 50vw - 30px )\" aria-describedby=\"gallery-1-264\" srcset=\"https:\/\/www.alikoivunen.net\/wp-content\/uploads\/2019\/02\/DSC_6686-300x201.jpg 300w, https:\/\/www.alikoivunen.net\/wp-content\/uploads\/2019\/02\/DSC_6686-150x100.jpg 150w, https:\/\/www.alikoivunen.net\/wp-content\/uploads\/2019\/02\/DSC_6686-768x514.jpg 768w, https:\/\/www.alikoivunen.net\/wp-content\/uploads\/2019\/02\/DSC_6686.jpg 2048w\" \/><div class=\"post-action btn btn-skin-dark-shaded inverted\"><a href=\"https:\/\/www.alikoivunen.net\/wp-content\/uploads\/2019\/02\/DSC_6686.jpg\" class=\"icn-expand\" data-lb-type=\"grouped-gallery\" title=\"Finnlines\"><\/a><\/div>\r\n                        <\/div>\r\n                              <figcaption class='wp-caption-text gallery-caption' id='gallery-1-264'>\r\n                              Finnlines\r\n                              <\/figcaption><\/figure><figure class='gallery-item col col-auto'>\r\n                        <div class='gallery-icon landscape czr-gallery-icon'>\r\n                              <a href=https:\/\/www.alikoivunen.net\/?attachment_id=265 class=\"bg-link\"><\/a><img loading=\"lazy\" decoding=\"async\" width=\"300\" height=\"225\" src=\"https:\/\/www.alikoivunen.net\/wp-content\/uploads\/2019\/02\/DSCN0222-300x225.jpg\" class=\"attachment-medium size-medium no-lazy\" alt=\"\" sizes=\"auto, (min-width: 1200px) 255px, (min-width: 992px) 210px, (min-width: 576px) 150px, calc( 50vw - 30px )\" aria-describedby=\"gallery-1-265\" srcset=\"https:\/\/www.alikoivunen.net\/wp-content\/uploads\/2019\/02\/DSCN0222-300x225.jpg 300w, https:\/\/www.alikoivunen.net\/wp-content\/uploads\/2019\/02\/DSCN0222-150x113.jpg 150w, https:\/\/www.alikoivunen.net\/wp-content\/uploads\/2019\/02\/DSCN0222-768x576.jpg 768w, https:\/\/www.alikoivunen.net\/wp-content\/uploads\/2019\/02\/DSCN0222.jpg 2048w\" \/><div class=\"post-action btn btn-skin-dark-shaded inverted\"><a href=\"https:\/\/www.alikoivunen.net\/wp-content\/uploads\/2019\/02\/DSCN0222.jpg\" class=\"icn-expand\" data-lb-type=\"grouped-gallery\" title=\"Tuusmelojat  vaja\"><\/a><\/div>\r\n                        <\/div>\r\n                              <figcaption class='wp-caption-text gallery-caption' id='gallery-1-265'>\r\n                              Tuusmelojat  vaja\r\n                              <\/figcaption><\/figure><figure class='gallery-item col col-auto'>\r\n                        <div class='gallery-icon landscape czr-gallery-icon'>\r\n                              <a href=https:\/\/www.alikoivunen.net\/?attachment_id=134 class=\"bg-link\"><\/a><img loading=\"lazy\" decoding=\"async\" width=\"300\" height=\"225\" src=\"https:\/\/www.alikoivunen.net\/wp-content\/uploads\/2018\/01\/M531456-300x225.jpg\" class=\"attachment-medium size-medium no-lazy\" alt=\"\" sizes=\"auto, (min-width: 1200px) 255px, (min-width: 992px) 210px, (min-width: 576px) 150px, calc( 50vw - 30px )\" aria-describedby=\"gallery-1-265\" srcset=\"https:\/\/www.alikoivunen.net\/wp-content\/uploads\/2018\/01\/M531456-300x225.jpg 300w, https:\/\/www.alikoivunen.net\/wp-content\/uploads\/2018\/01\/M531456-768x576.jpg 768w, https:\/\/www.alikoivunen.net\/wp-content\/uploads\/2018\/01\/M531456-1024x768.jpg 1024w, https:\/\/www.alikoivunen.net\/wp-content\/uploads\/2018\/01\/M531456.jpg 1200w\" \/><div class=\"post-action btn btn-skin-dark-shaded inverted\"><a href=\"https:\/\/www.alikoivunen.net\/wp-content\/uploads\/2018\/01\/M531456.jpg\" class=\"icn-expand\" data-lb-type=\"grouped-gallery\"><\/a><\/div>\r\n                        <\/div><\/figure>\r\n                  <\/div>\n\n<p>&nbsp;<\/p>\n","protected":false},"excerpt":{"rendered":"<p>Ali Koivunen Puhelin: +358 43 200 2595 S\u00e4hk\u00f6posti: ali(at)iki.fi J\u00e4rjest\u00f6- ja yhdistystoiminta: Mediakunta \/ Suomen Journalistiliitto www.journalistiliitto.fi &nbsp; &nbsp;<\/p>\n","protected":false},"author":2,"featured_media":0,"parent":0,"menu_order":0,"comment_status":"closed","ping_status":"closed","template":"","meta":{"footnotes":""},"class_list":["post-99","page","type-page","status-publish","czr-hentry"],"_links":{"self":[{"href":"https:\/\/www.alikoivunen.net\/index.php?rest_route=\/wp\/v2\/pages\/99","targetHints":{"allow":["GET"]}}],"collection":[{"href":"https:\/\/www.alikoivunen.net\/index.php?rest_route=\/wp\/v2\/pages"}],"about":[{"href":"https:\/\/www.alikoivunen.net\/index.php?rest_route=\/wp\/v2\/types\/page"}],"author":[{"embeddable":true,"href":"https:\/\/www.alikoivunen.net\/index.php?rest_route=\/wp\/v2\/users\/2"}],"replies":[{"embeddable":true,"href":"https:\/\/www.alikoivunen.net\/index.php?rest_route=%2Fwp%2Fv2%2Fcomments&post=99"}],"version-history":[{"count":17,"href":"https:\/\/www.alikoivunen.net\/index.php?rest_route=\/wp\/v2\/pages\/99\/revisions"}],"predecessor-version":[{"id":436,"href":"https:\/\/www.alikoivunen.net\/index.php?rest_route=\/wp\/v2\/pages\/99\/revisions\/436"}],"wp:attachment":[{"href":"https:\/\/www.alikoivunen.net\/index.php?rest_route=%2Fwp%2Fv2%2Fmedia&parent=99"}],"curies":[{"name":"wp","href":"https:\/\/api.w.org\/{rel}","templated":true}]}}